{"id":342,"date":"2024-06-19T08:55:30","date_gmt":"2024-06-19T08:55:30","guid":{"rendered":"https:\/\/www.davcollegemsa.com\/?page_id=342"},"modified":"2024-08-09T07:36:14","modified_gmt":"2024-08-09T07:36:14","slug":"french-department","status":"publish","type":"page","link":"https:\/\/www.davcollegemsa.com\/?page_id=342","title":{"rendered":"French Department"},"content":{"rendered":"\n<p>Bienvenue au D\u00e9partement de Fran\u00e7ais du DAV College Morcellement Saint Andre, dirig\u00e9 par Mme Rampersad Madvi. Avec une \u00e9quipe de 8 \u00e9ducateurs d\u00e9vou\u00e9s, notre d\u00e9partement s&#8217;engage \u00e0 promouvoir la ma\u00eetrise de la langue et l&#8217;appr\u00e9ciation culturelle \u00e0 travers l&#8217;\u00e9tude du fran\u00e7ais.<\/p>\n\n\n\n<p><\/p>\n\n\n\n<ul class=\"wp-block-list\">\n<li>&#8220;La langue fran\u00e7aise est une promenade pour l&#8217;esprit.&#8221;<br><em>(Translation: &#8220;The French language is a stroll for the mind.&#8221;)<\/em><br><\/li>\n\n\n\n<li>&#8220;Apprendre une nouvelle langue, c&#8217;est comme devenir une nouvelle personne.&#8221;<br><em>(Translation: &#8220;Learning a new language is like becoming a new person.&#8221;)<\/em><br>\u2014 Haruki Murakami<\/li>\n<\/ul>\n\n\n\n<p>Le D\u00e9partement de Fran\u00e7ais au DAV College Morcellement Saint Andre propose un programme complet qui explore la litt\u00e9rature fran\u00e7aise, la grammaire et les subtilit\u00e9s culturelles. Les \u00e9tudiants plongent profond\u00e9ment dans les \u0153uvres de c\u00e9l\u00e8bres auteurs et po\u00e8tes fran\u00e7ais, acqu\u00e9rant ainsi une compr\u00e9hension approfondie du riche patrimoine culturel du monde francophone.<\/p>\n\n\n\n<p>Au-del\u00e0 des \u00e9tudes acad\u00e9miques, le d\u00e9partement organise des \u00e9v\u00e9nements culturels, des programmes d&#8217;immersion linguistique et des \u00e9changes qui enrichissent la compr\u00e9hension des \u00e9tudiants de la culture et de la langue fran\u00e7aises. Ces activit\u00e9s visent \u00e0 instiller une passion durable pour le fran\u00e7ais et \u00e0 pr\u00e9parer les \u00e9tudiants aux opportunit\u00e9s mondiales dans divers domaines.<\/p>\n\n\n\n<p>Rejoignez-nous au D\u00e9partement de Fran\u00e7ais du DAV College Morcellement Saint Andre, o\u00f9 Mme Rampersad Madvi et notre \u00e9quipe d&#8217;\u00e9ducateurs sont d\u00e9di\u00e9s \u00e0 \u00e9largir vos horizons linguistiques et \u00e0 cultiver une profonde appr\u00e9ciation pour la langue et la culture fran\u00e7aises.<\/p>\n\n\n\n<figure class=\"wp-block-image size-full is-resized is-style-rounded\"><img loading=\"lazy\" decoding=\"async\" width=\"399\" height=\"236\" src=\"https:\/\/www.davcollegemsa.com\/wp-content\/uploads\/2024\/08\/fre-1.jpeg\" alt=\"\" class=\"wp-image-538\" style=\"width:750px;height:auto\" srcset=\"https:\/\/www.davcollegemsa.com\/wp-content\/uploads\/2024\/08\/fre-1.jpeg 399w, https:\/\/www.davcollegemsa.com\/wp-content\/uploads\/2024\/08\/fre-1-300x177.jpeg 300w\" sizes=\"auto, (max-width: 399px) 100vw, 399px\" \/><\/figure>\n","protected":false},"excerpt":{"rendered":"<p>Bienvenue au D\u00e9partement de Fran\u00e7ais du DAV College Morcellement Saint Andre, dirig\u00e9 par Mme Rampersad Madvi. Avec une \u00e9quipe de 8 \u00e9ducateurs d\u00e9vou\u00e9s, notre d\u00e9partement s&#8217;engage \u00e0 promouvoir la ma\u00eetrise de la langue et l&#8217;appr\u00e9ciation culturelle \u00e0 travers l&#8217;\u00e9tude du fran\u00e7ais. Le&#8230;<\/p>\n","protected":false},"author":1,"featured_media":0,"parent":0,"menu_order":0,"comment_status":"closed","ping_status":"closed","template":"","meta":{"footnotes":""},"class_list":["post-342","page","type-page","status-publish","hentry"],"_links":{"self":[{"href":"https:\/\/www.davcollegemsa.com\/index.php?rest_route=\/wp\/v2\/pages\/342","targetHints":{"allow":["GET"]}}],"collection":[{"href":"https:\/\/www.davcollegemsa.com\/index.php?rest_route=\/wp\/v2\/pages"}],"about":[{"href":"https:\/\/www.davcollegemsa.com\/index.php?rest_route=\/wp\/v2\/types\/page"}],"author":[{"embeddable":true,"href":"https:\/\/www.davcollegemsa.com\/index.php?rest_route=\/wp\/v2\/users\/1"}],"replies":[{"embeddable":true,"href":"https:\/\/www.davcollegemsa.com\/index.php?rest_route=%2Fwp%2Fv2%2Fcomments&post=342"}],"version-history":[{"count":5,"href":"https:\/\/www.davcollegemsa.com\/index.php?rest_route=\/wp\/v2\/pages\/342\/revisions"}],"predecessor-version":[{"id":539,"href":"https:\/\/www.davcollegemsa.com\/index.php?rest_route=\/wp\/v2\/pages\/342\/revisions\/539"}],"wp:attachment":[{"href":"https:\/\/www.davcollegemsa.com\/index.php?rest_route=%2Fwp%2Fv2%2Fmedia&parent=342"}],"curies":[{"name":"wp","href":"https:\/\/api.w.org\/{rel}","templated":true}]}}